{"id":2,"date":"2020-10-18T23:13:51","date_gmt":"2020-10-18T23:13:51","guid":{"rendered":"https:\/\/www.proarteyletras.com\/?page_id=2"},"modified":"2024-08-10T15:42:14","modified_gmt":"2024-08-10T21:42:14","slug":"pagina-ejemplo","status":"publish","type":"page","link":"https:\/\/www.proarteyletras.com\/?page_id=2","title":{"rendered":"Acerca de&#8230;"},"content":{"rendered":"\n<blockquote class=\"wp-block-quote is-layout-flow wp-block-quote-is-layout-flow\">\n<p class=\"has-small-font-size\"><strong>Pro Arte y Letras<\/strong>  fue fundada en 2008 por Mireya Vega. Empez\u00f3 siendo una cuenta de correo electr\u00f3nico desde la que se emit\u00edan boletines informativos y otros materiales period\u00edsticos, como son convocatorias a ruedas de prensa tanto en la ciudad de M\u00e9xico, como en otros estados; incluso para cobertura de estrenos e inauguraciones de actividades culturales y art\u00edsticas en teatros, museos y ferias de libros, entre otras. Pero poco a poco se ha ido transformando hasta llegar a difundir importantes festivales locales como el Festival del Centro Hist\u00f3rico de la Ciudad de M\u00e9xico,  y algunos de car\u00e1cter internacional como son el FICMAYA y FICMY, en Yucat\u00e1n,  as\u00ed como el Festival Internacional de las Artes Julio Torri y la Feria Internacional del Libro, de Coahuila. Hemos implementado estrategias para las puestas en escena de los teatros Legaria y Tepeyac, as\u00ed como para actividades de editoriales, autoras y autores, que participan en la Feria Internacional del Libro de Guadalajara.<\/p>\n\n\n\n<p class=\"has-small-font-size\">Damos difusi\u00f3n a actividades que se realicen en cualquier lugar geogr\u00e1fico de M\u00e9xico.<\/p>\n\n\n\n<p class=\"has-small-font-size\">Nuestra informaci\u00f3n llega a medios de comunicaci\u00f3n de todos los estados de la rep\u00fablica Mexicana, corresponsales extranjeros y agencias internacionales. <\/p>\n\n\n\n<p class=\"has-small-font-size\">Actualmente tambi\u00e9n coordinamos diplomados en periodismo Cultural, brindamos talleres diversos vinculados a disciplinas art\u00edsticas y periodismo y gestionamos la participaci\u00f3n de figuras p\u00fablicas en ferias, festivales, coloquios, etc.<\/p>\n<\/blockquote>\n","protected":false},"excerpt":{"rendered":"<p>Pro Arte y Letras fue fundada en 2008 por Mireya Vega. Empez\u00f3 siendo una cuenta de correo electr\u00f3nico desde la que se emit\u00edan boletines informativos y otros materiales period\u00edsticos, como son convocatorias a ruedas de prensa tanto en la ciudad de M\u00e9xico, como en otros estados; incluso para cobertura de estrenos e inauguraciones de actividades [&hellip;]<\/p>\n","protected":false},"author":1,"featured_media":0,"parent":0,"menu_order":0,"comment_status":"closed","ping_status":"open","template":"","meta":{"footnotes":""},"class_list":["post-2","page","type-page","status-publish","hentry"],"yoast_head":"<!-- This site is optimized with the Yoast SEO plugin v26.6 - https:\/\/yoast.com\/wordpress\/plugins\/seo\/ -->\n<title>Acerca de... - ProArte y Letras<\/title>\n<meta name=\"robots\" content=\"index, follow, max-snippet:-1, max-image-preview:large, max-video-preview:-1\" \/>\n<link rel=\"canonical\" href=\"https:\/\/www.proarteyletras.com\/?page_id=2\" \/>\n<meta property=\"og:locale\" content=\"es_MX\" \/>\n<meta property=\"og:type\" content=\"article\" \/>\n<meta property=\"og:title\" content=\"Acerca de... - ProArte y Letras\" \/>\n<meta property=\"og:description\" content=\"Pro Arte y Letras fue fundada en 2008 por Mireya Vega. Empez\u00f3 siendo una cuenta de correo electr\u00f3nico desde la que se emit\u00edan boletines informativos y otros materiales period\u00edsticos, como son convocatorias a ruedas de prensa tanto en la ciudad de M\u00e9xico, como en otros estados; incluso para cobertura de estrenos e inauguraciones de actividades [&hellip;]\" \/>\n<meta property=\"og:url\" content=\"https:\/\/www.proarteyletras.com\/?page_id=2\" \/>\n<meta property=\"og:site_name\" content=\"ProArte y Letras\" \/>\n<meta property=\"article:publisher\" content=\"https:\/\/www.facebook.com\/Pro-Arte-y-Letras-de-hoy-150705288427407\" \/>\n<meta property=\"article:modified_time\" content=\"2024-08-10T21:42:14+00:00\" \/>\n<meta property=\"og:image\" content=\"https:\/\/www.proarteyletras.com\/wp-content\/uploads\/2020\/10\/ProArte-Logo.png\" \/>\n\t<meta property=\"og:image:width\" content=\"1546\" \/>\n\t<meta property=\"og:image:height\" content=\"730\" \/>\n\t<meta property=\"og:image:type\" content=\"image\/png\" \/>\n<meta name=\"twitter:card\" content=\"summary_large_image\" \/>\n<meta name=\"twitter:site\" content=\"@ProArteyLetras\" \/>\n<script type=\"application\/ld+json\" class=\"yoast-schema-graph\">{\"@context\":\"https:\/\/schema.org\",\"@graph\":[{\"@type\":\"WebPage\",\"@id\":\"https:\/\/www.proarteyletras.com\/?page_id=2\",\"url\":\"https:\/\/www.proarteyletras.com\/?page_id=2\",\"name\":\"Acerca de... - ProArte y Letras\",\"isPartOf\":{\"@id\":\"https:\/\/www.proarteyletras.com\/#website\"},\"datePublished\":\"2020-10-18T23:13:51+00:00\",\"dateModified\":\"2024-08-10T21:42:14+00:00\",\"breadcrumb\":{\"@id\":\"https:\/\/www.proarteyletras.com\/?page_id=2#breadcrumb\"},\"inLanguage\":\"es\",\"potentialAction\":[{\"@type\":\"ReadAction\",\"target\":[\"https:\/\/www.proarteyletras.com\/?page_id=2\"]}]},{\"@type\":\"BreadcrumbList\",\"@id\":\"https:\/\/www.proarteyletras.com\/?page_id=2#breadcrumb\",\"itemListElement\":[{\"@type\":\"ListItem\",\"position\":1,\"name\":\"Home\",\"item\":\"https:\/\/www.proarteyletras.com\/\"},{\"@type\":\"ListItem\",\"position\":2,\"name\":\"Acerca de&#8230;\"}]},{\"@type\":\"WebSite\",\"@id\":\"https:\/\/www.proarteyletras.com\/#website\",\"url\":\"https:\/\/www.proarteyletras.com\/\",\"name\":\"ProArte y Letras\",\"description\":\"Comunicaci\u00f3n y relaciones p\u00fablicas\",\"potentialAction\":[{\"@type\":\"SearchAction\",\"target\":{\"@type\":\"EntryPoint\",\"urlTemplate\":\"https:\/\/www.proarteyletras.com\/?s={search_term_string}\"},\"query-input\":{\"@type\":\"PropertyValueSpecification\",\"valueRequired\":true,\"valueName\":\"search_term_string\"}}],\"inLanguage\":\"es\"}]}<\/script>\n<!-- \/ Yoast SEO plugin. -->","yoast_head_json":{"title":"Acerca de... - ProArte y Letras","robots":{"index":"index","follow":"follow","max-snippet":"max-snippet:-1","max-image-preview":"max-image-preview:large","max-video-preview":"max-video-preview:-1"},"canonical":"https:\/\/www.proarteyletras.com\/?page_id=2","og_locale":"es_MX","og_type":"article","og_title":"Acerca de... - ProArte y Letras","og_description":"Pro Arte y Letras fue fundada en 2008 por Mireya Vega. Empez\u00f3 siendo una cuenta de correo electr\u00f3nico desde la que se emit\u00edan boletines informativos y otros materiales period\u00edsticos, como son convocatorias a ruedas de prensa tanto en la ciudad de M\u00e9xico, como en otros estados; incluso para cobertura de estrenos e inauguraciones de actividades [&hellip;]","og_url":"https:\/\/www.proarteyletras.com\/?page_id=2","og_site_name":"ProArte y Letras","article_publisher":"https:\/\/www.facebook.com\/Pro-Arte-y-Letras-de-hoy-150705288427407","article_modified_time":"2024-08-10T21:42:14+00:00","og_image":[{"width":1546,"height":730,"url":"https:\/\/www.proarteyletras.com\/wp-content\/uploads\/2020\/10\/ProArte-Logo.png","type":"image\/png"}],"twitter_card":"summary_large_image","twitter_site":"@ProArteyLetras","schema":{"@context":"https:\/\/schema.org","@graph":[{"@type":"WebPage","@id":"https:\/\/www.proarteyletras.com\/?page_id=2","url":"https:\/\/www.proarteyletras.com\/?page_id=2","name":"Acerca de... - ProArte y Letras","isPartOf":{"@id":"https:\/\/www.proarteyletras.com\/#website"},"datePublished":"2020-10-18T23:13:51+00:00","dateModified":"2024-08-10T21:42:14+00:00","breadcrumb":{"@id":"https:\/\/www.proarteyletras.com\/?page_id=2#breadcrumb"},"inLanguage":"es","potentialAction":[{"@type":"ReadAction","target":["https:\/\/www.proarteyletras.com\/?page_id=2"]}]},{"@type":"BreadcrumbList","@id":"https:\/\/www.proarteyletras.com\/?page_id=2#breadcrumb","itemListElement":[{"@type":"ListItem","position":1,"name":"Home","item":"https:\/\/www.proarteyletras.com\/"},{"@type":"ListItem","position":2,"name":"Acerca de&#8230;"}]},{"@type":"WebSite","@id":"https:\/\/www.proarteyletras.com\/#website","url":"https:\/\/www.proarteyletras.com\/","name":"ProArte y Letras","description":"Comunicaci\u00f3n y relaciones p\u00fablicas","potentialAction":[{"@type":"SearchAction","target":{"@type":"EntryPoint","urlTemplate":"https:\/\/www.proarteyletras.com\/?s={search_term_string}"},"query-input":{"@type":"PropertyValueSpecification","valueRequired":true,"valueName":"search_term_string"}}],"inLanguage":"es"}]}},"_links":{"self":[{"href":"https:\/\/www.proarteyletras.com\/index.php?rest_route=\/wp\/v2\/pages\/2","targetHints":{"allow":["GET"]}}],"collection":[{"href":"https:\/\/www.proarteyletras.com\/index.php?rest_route=\/wp\/v2\/pages"}],"about":[{"href":"https:\/\/www.proarteyletras.com\/index.php?rest_route=\/wp\/v2\/types\/page"}],"author":[{"embeddable":true,"href":"https:\/\/www.proarteyletras.com\/index.php?rest_route=\/wp\/v2\/users\/1"}],"replies":[{"embeddable":true,"href":"https:\/\/www.proarteyletras.com\/index.php?rest_route=%2Fwp%2Fv2%2Fcomments&post=2"}],"version-history":[{"count":7,"href":"https:\/\/www.proarteyletras.com\/index.php?rest_route=\/wp\/v2\/pages\/2\/revisions"}],"predecessor-version":[{"id":1210,"href":"https:\/\/www.proarteyletras.com\/index.php?rest_route=\/wp\/v2\/pages\/2\/revisions\/1210"}],"wp:attachment":[{"href":"https:\/\/www.proarteyletras.com\/index.php?rest_route=%2Fwp%2Fv2%2Fmedia&parent=2"}],"curies":[{"name":"wp","href":"https:\/\/api.w.org\/{rel}","templated":true}]}}