{"id":1361,"date":"2024-09-03T14:14:06","date_gmt":"2024-09-03T20:14:06","guid":{"rendered":"https:\/\/www.proarteyletras.com\/?page_id=1361"},"modified":"2024-09-03T14:51:51","modified_gmt":"2024-09-03T20:51:51","slug":"nuestro-resumen-historico","status":"publish","type":"page","link":"https:\/\/www.proarteyletras.com\/?page_id=1361","title":{"rendered":"\u00a1Descubre el poder de la cultura y el arte con Pro Arte y Letras!"},"content":{"rendered":"<div class=\"wp-block-image\">\n<figure class=\"aligncenter size-full is-resized\"><img loading=\"lazy\" decoding=\"async\" width=\"328\" height=\"190\" src=\"https:\/\/www.proarteyletras.com\/wp-content\/uploads\/2024\/09\/Linea-del-tiempo.png\" alt=\"Nuestra historia\" class=\"wp-image-1362\" style=\"width:382px;height:auto\" srcset=\"https:\/\/www.proarteyletras.com\/wp-content\/uploads\/2024\/09\/Linea-del-tiempo.png 328w, https:\/\/www.proarteyletras.com\/wp-content\/uploads\/2024\/09\/Linea-del-tiempo-300x174.png 300w\" sizes=\"auto, (max-width: 328px) 100vw, 328px\" \/><\/figure><\/div>\n\n\n<p><\/p>\n\n\n\n<p>Nacimos de la pasi\u00f3n por compartir historias, conectar con la audiencia y hacer que la cultura y el arte sean accesibles para todos. Desde 2008, hemos estado detr\u00e1s de las escenas, dise\u00f1ando campa\u00f1as de prensa innovadoras, estrategias de comunicaci\u00f3n efectivas y eventos inolvidables que han llevado a la luz proyectos diversos, as\u00ed como  las obras de creadoras y creadores talentosos.<\/p>\n\n\n\n<p>Nuestra misi\u00f3n es ser el puente entre la creatividad y el p\u00fablico, haciendo que la cultura y el arte sean una experiencia memorable. \u00a1\u00danete a nosotros y descubre c\u00f3mo podemos ayudarte a contar tu historia y compartir tu visi\u00f3n con el mundo!<\/p>\n\n\n\n<p><strong>Nuestros servicios:<\/strong><\/p>\n\n\n\n<ul class=\"wp-block-list\">\n<li>Asesor\u00edas<\/li>\n\n\n\n<li>Campa\u00f1as de prensa personalizadas<\/li>\n\n\n\n<li>Estrategias de comunicaci\u00f3n efectivas<\/li>\n\n\n\n<li>Organizaci\u00f3n de eventos y actividades para festivales<\/li>\n\n\n\n<li>Promoci\u00f3n de libros, obras de esc\u00e9nicas, conciertos y exposiciones<\/li>\n<\/ul>\n\n\n\n<p>\u00a1Conf\u00eda en nosotros para hacer que tu proyecto brille! Cont\u00e1ctanos hoy mismo para saber m\u00e1s sobre c\u00f3mo podemos ayudarte.<\/p>\n\n\n\n<p> <\/p>\n","protected":false},"excerpt":{"rendered":"<p>Nacimos de la pasi\u00f3n por compartir historias, conectar con la audiencia y hacer que la cultura y el arte sean accesibles para todos. Desde 2008, hemos estado detr\u00e1s de las escenas, dise\u00f1ando campa\u00f1as de prensa innovadoras, estrategias de comunicaci\u00f3n efectivas y eventos inolvidables que han llevado a la luz proyectos diversos, as\u00ed como las obras [&hellip;]<\/p>\n","protected":false},"author":1,"featured_media":0,"parent":0,"menu_order":0,"comment_status":"closed","ping_status":"closed","template":"","meta":{"footnotes":""},"class_list":["post-1361","page","type-page","status-publish","hentry"],"yoast_head":"<!-- This site is optimized with the Yoast SEO plugin v26.6 - https:\/\/yoast.com\/wordpress\/plugins\/seo\/ -->\n<title>\u00a1Descubre el poder de la cultura y el arte con Pro Arte y Letras! - ProArte y Letras<\/title>\n<meta name=\"description\" content=\"La historia de Pro arte y letras\" \/>\n<meta name=\"robots\" content=\"index, follow, max-snippet:-1, max-image-preview:large, max-video-preview:-1\" \/>\n<link rel=\"canonical\" href=\"https:\/\/www.proarteyletras.com\/?page_id=1361\" \/>\n<meta property=\"og:locale\" content=\"es_MX\" \/>\n<meta property=\"og:type\" content=\"article\" \/>\n<meta property=\"og:title\" content=\"\u00a1Descubre el poder de la cultura y el arte con Pro Arte y Letras! - ProArte y Letras\" \/>\n<meta property=\"og:description\" content=\"La historia de Pro arte y letras\" \/>\n<meta property=\"og:url\" content=\"https:\/\/www.proarteyletras.com\/?page_id=1361\" \/>\n<meta property=\"og:site_name\" content=\"ProArte y Letras\" \/>\n<meta property=\"article:publisher\" content=\"https:\/\/www.facebook.com\/Pro-Arte-y-Letras-de-hoy-150705288427407\" \/>\n<meta property=\"article:modified_time\" content=\"2024-09-03T20:51:51+00:00\" \/>\n<meta property=\"og:image\" content=\"https:\/\/www.proarteyletras.com\/wp-content\/uploads\/2024\/09\/Linea-del-tiempo.png\" \/>\n<meta name=\"twitter:card\" content=\"summary_large_image\" \/>\n<meta name=\"twitter:site\" content=\"@ProArteyLetras\" \/>\n<meta name=\"twitter:label1\" content=\"Tiempo de lectura\" \/>\n\t<meta name=\"twitter:data1\" content=\"1 minuto\" \/>\n<script type=\"application\/ld+json\" class=\"yoast-schema-graph\">{\"@context\":\"https:\/\/schema.org\",\"@graph\":[{\"@type\":\"WebPage\",\"@id\":\"https:\/\/www.proarteyletras.com\/?page_id=1361\",\"url\":\"https:\/\/www.proarteyletras.com\/?page_id=1361\",\"name\":\"\u00a1Descubre el poder de la cultura y el arte con Pro Arte y Letras! - ProArte y Letras\",\"isPartOf\":{\"@id\":\"https:\/\/www.proarteyletras.com\/#website\"},\"primaryImageOfPage\":{\"@id\":\"https:\/\/www.proarteyletras.com\/?page_id=1361#primaryimage\"},\"image\":{\"@id\":\"https:\/\/www.proarteyletras.com\/?page_id=1361#primaryimage\"},\"thumbnailUrl\":\"https:\/\/www.proarteyletras.com\/wp-content\/uploads\/2024\/09\/Linea-del-tiempo.png\",\"datePublished\":\"2024-09-03T20:14:06+00:00\",\"dateModified\":\"2024-09-03T20:51:51+00:00\",\"description\":\"La historia de Pro arte y letras\",\"breadcrumb\":{\"@id\":\"https:\/\/www.proarteyletras.com\/?page_id=1361#breadcrumb\"},\"inLanguage\":\"es\",\"potentialAction\":[{\"@type\":\"ReadAction\",\"target\":[\"https:\/\/www.proarteyletras.com\/?page_id=1361\"]}]},{\"@type\":\"ImageObject\",\"inLanguage\":\"es\",\"@id\":\"https:\/\/www.proarteyletras.com\/?page_id=1361#primaryimage\",\"url\":\"https:\/\/www.proarteyletras.com\/wp-content\/uploads\/2024\/09\/Linea-del-tiempo.png\",\"contentUrl\":\"https:\/\/www.proarteyletras.com\/wp-content\/uploads\/2024\/09\/Linea-del-tiempo.png\",\"width\":328,\"height\":190},{\"@type\":\"BreadcrumbList\",\"@id\":\"https:\/\/www.proarteyletras.com\/?page_id=1361#breadcrumb\",\"itemListElement\":[{\"@type\":\"ListItem\",\"position\":1,\"name\":\"Home\",\"item\":\"https:\/\/www.proarteyletras.com\/\"},{\"@type\":\"ListItem\",\"position\":2,\"name\":\"\u00a1Descubre el poder de la cultura y el arte con Pro Arte y Letras!\"}]},{\"@type\":\"WebSite\",\"@id\":\"https:\/\/www.proarteyletras.com\/#website\",\"url\":\"https:\/\/www.proarteyletras.com\/\",\"name\":\"ProArte y Letras\",\"description\":\"Comunicaci\u00f3n y relaciones p\u00fablicas\",\"potentialAction\":[{\"@type\":\"SearchAction\",\"target\":{\"@type\":\"EntryPoint\",\"urlTemplate\":\"https:\/\/www.proarteyletras.com\/?s={search_term_string}\"},\"query-input\":{\"@type\":\"PropertyValueSpecification\",\"valueRequired\":true,\"valueName\":\"search_term_string\"}}],\"inLanguage\":\"es\"}]}<\/script>\n<!-- \/ Yoast SEO plugin. -->","yoast_head_json":{"title":"\u00a1Descubre el poder de la cultura y el arte con Pro Arte y Letras! - ProArte y Letras","description":"La historia de Pro arte y letras","robots":{"index":"index","follow":"follow","max-snippet":"max-snippet:-1","max-image-preview":"max-image-preview:large","max-video-preview":"max-video-preview:-1"},"canonical":"https:\/\/www.proarteyletras.com\/?page_id=1361","og_locale":"es_MX","og_type":"article","og_title":"\u00a1Descubre el poder de la cultura y el arte con Pro Arte y Letras! - ProArte y Letras","og_description":"La historia de Pro arte y letras","og_url":"https:\/\/www.proarteyletras.com\/?page_id=1361","og_site_name":"ProArte y Letras","article_publisher":"https:\/\/www.facebook.com\/Pro-Arte-y-Letras-de-hoy-150705288427407","article_modified_time":"2024-09-03T20:51:51+00:00","og_image":[{"url":"https:\/\/www.proarteyletras.com\/wp-content\/uploads\/2024\/09\/Linea-del-tiempo.png","type":"","width":"","height":""}],"twitter_card":"summary_large_image","twitter_site":"@ProArteyLetras","twitter_misc":{"Tiempo de lectura":"1 minuto"},"schema":{"@context":"https:\/\/schema.org","@graph":[{"@type":"WebPage","@id":"https:\/\/www.proarteyletras.com\/?page_id=1361","url":"https:\/\/www.proarteyletras.com\/?page_id=1361","name":"\u00a1Descubre el poder de la cultura y el arte con Pro Arte y Letras! - ProArte y Letras","isPartOf":{"@id":"https:\/\/www.proarteyletras.com\/#website"},"primaryImageOfPage":{"@id":"https:\/\/www.proarteyletras.com\/?page_id=1361#primaryimage"},"image":{"@id":"https:\/\/www.proarteyletras.com\/?page_id=1361#primaryimage"},"thumbnailUrl":"https:\/\/www.proarteyletras.com\/wp-content\/uploads\/2024\/09\/Linea-del-tiempo.png","datePublished":"2024-09-03T20:14:06+00:00","dateModified":"2024-09-03T20:51:51+00:00","description":"La historia de Pro arte y letras","breadcrumb":{"@id":"https:\/\/www.proarteyletras.com\/?page_id=1361#breadcrumb"},"inLanguage":"es","potentialAction":[{"@type":"ReadAction","target":["https:\/\/www.proarteyletras.com\/?page_id=1361"]}]},{"@type":"ImageObject","inLanguage":"es","@id":"https:\/\/www.proarteyletras.com\/?page_id=1361#primaryimage","url":"https:\/\/www.proarteyletras.com\/wp-content\/uploads\/2024\/09\/Linea-del-tiempo.png","contentUrl":"https:\/\/www.proarteyletras.com\/wp-content\/uploads\/2024\/09\/Linea-del-tiempo.png","width":328,"height":190},{"@type":"BreadcrumbList","@id":"https:\/\/www.proarteyletras.com\/?page_id=1361#breadcrumb","itemListElement":[{"@type":"ListItem","position":1,"name":"Home","item":"https:\/\/www.proarteyletras.com\/"},{"@type":"ListItem","position":2,"name":"\u00a1Descubre el poder de la cultura y el arte con Pro Arte y Letras!"}]},{"@type":"WebSite","@id":"https:\/\/www.proarteyletras.com\/#website","url":"https:\/\/www.proarteyletras.com\/","name":"ProArte y Letras","description":"Comunicaci\u00f3n y relaciones p\u00fablicas","potentialAction":[{"@type":"SearchAction","target":{"@type":"EntryPoint","urlTemplate":"https:\/\/www.proarteyletras.com\/?s={search_term_string}"},"query-input":{"@type":"PropertyValueSpecification","valueRequired":true,"valueName":"search_term_string"}}],"inLanguage":"es"}]}},"_links":{"self":[{"href":"https:\/\/www.proarteyletras.com\/index.php?rest_route=\/wp\/v2\/pages\/1361","targetHints":{"allow":["GET"]}}],"collection":[{"href":"https:\/\/www.proarteyletras.com\/index.php?rest_route=\/wp\/v2\/pages"}],"about":[{"href":"https:\/\/www.proarteyletras.com\/index.php?rest_route=\/wp\/v2\/types\/page"}],"author":[{"embeddable":true,"href":"https:\/\/www.proarteyletras.com\/index.php?rest_route=\/wp\/v2\/users\/1"}],"replies":[{"embeddable":true,"href":"https:\/\/www.proarteyletras.com\/index.php?rest_route=%2Fwp%2Fv2%2Fcomments&post=1361"}],"version-history":[{"count":2,"href":"https:\/\/www.proarteyletras.com\/index.php?rest_route=\/wp\/v2\/pages\/1361\/revisions"}],"predecessor-version":[{"id":1365,"href":"https:\/\/www.proarteyletras.com\/index.php?rest_route=\/wp\/v2\/pages\/1361\/revisions\/1365"}],"wp:attachment":[{"href":"https:\/\/www.proarteyletras.com\/index.php?rest_route=%2Fwp%2Fv2%2Fmedia&parent=1361"}],"curies":[{"name":"wp","href":"https:\/\/api.w.org\/{rel}","templated":true}]}}